{"id":860,"date":"2017-07-11T15:10:02","date_gmt":"2017-07-11T13:10:02","guid":{"rendered":"https:\/\/6agaleriaart.com\/?page_id=860\/"},"modified":"2025-10-09T13:50:41","modified_gmt":"2025-10-09T11:50:41","slug":"taller-6a","status":"publish","type":"page","link":"https:\/\/6agaleriaart.com\/es\/taller-6a\/","title":{"rendered":"TALLER 6A"},"content":{"rendered":"<h1 style=\"text-align: left;\">SOMOS UNA DE LAS POCAS GALER\u00cdAS DE ARTE EN TODO EL TERRITORIO ESPA\u00d1OL CON TALLER DE ESTAMPACI\u00d3N TRADICIONAL PROPIO. LO QUE PERMITE A LOS CREADORES DESARROLLAR PROYECTOS EN LOS QUE LA OBRA GR\u00c1FICA ORIGINAL CONVIVE EN EQUILIBRIO CON LA OBRA \u00daNICA, COMO MEDIO EXPRESIVO EN SI MISMO. LA UBICACI\u00d3N DE LA GALER\u00cdA, Y ENFRENTE EL TALLER, ADEM\u00c1S DE UN APARTAMENTO A LA VUELTA DE LA ESQUINA PARA ACOGER A LOS ARTISTAS, HACEN DE 6A, UNO DE LOS PROYECTOS M\u00c1S COMPLETOS DE ESTAS CARACTER\u00cdSTICAS, CON CAPACIDAD PARA DESARROLLAR PROYECTOS IMPORTANTES. DESDE PRINCIPIOS DE 2025 EL TALLER 6A SE HA CONVERTIDO EN EL TALLER LITOGR\u00c1FICO M\u00c1S FUERTE DE ESPA\u00d1A, EN CUANTO A INFRAESTRUCTURA (HABIENDO INCORPORADO UNA PRENSA LITOGR\u00c1FICA VOIRIN DEL 1890, \u00daNICA EN EL PA\u00cdS, QUE SE SUMA A TODAS LAS PRENSAS LITOGR\u00c1FICAS QUE CONSERVAMOS, ALGUNAS EN FUNCIONAMIENTO, OTRAS CUSTODIADAS), CAPACIDAD DE EJECUTAR PROYECTOS ESPEC\u00cdFICOS (DISPONEMOS DE UNA LITOTECA CON M\u00c1S DE\u00a0 700 PIEDRAS LITOGR\u00c1FICAS A DISPOSICI\u00d3N DEL ARTE CONTEMPOR\u00c1NEO)\u00a0Y CALIDAD LITOGR\u00c1FICA, SIEMPRE ENFOCADA A SATISFACER LA NECESIDADES CREATIVAS DEL ARTISTA.\u00a0<\/h1>\r\n\r\n<p>&nbsp;<\/p>\r\n<p><img loading=\"lazy\" decoding=\"async\" class=\"size-full wp-image-20638 aligncenter\" src=\"https:\/\/6agaleriaart.com\/wp-content\/uploads\/2025\/10\/WhatsApp-Image-2025-06-23-at-16.27.53-4-scaled.jpeg\" alt=\"\" width=\"1920\" height=\"2560\" \/><\/p>\r\n<p>&nbsp;<\/p>\r\n<p>&nbsp;<\/p>\r\n<p><img decoding=\"async\" class=\"alignnone size-full wp-image-20658\" src=\"https:\/\/6agaleriaart.com\/wp-content\/uploads\/2025\/10\/O5A4869-copia.tif\" alt=\"\" \/><img loading=\"lazy\" decoding=\"async\" class=\"alignnone size-full wp-image-20662\" src=\"https:\/\/6agaleriaart.com\/wp-content\/uploads\/2025\/10\/O5A4869-copia-scaled.jpg\" alt=\"\" width=\"2560\" height=\"1707\" srcset=\"https:\/\/6agaleriaart.com\/wp-content\/uploads\/2025\/10\/O5A4869-copia-scaled.jpg 2560w, https:\/\/6agaleriaart.com\/wp-content\/uploads\/2025\/10\/O5A4869-copia-300x200.jpg 300w, https:\/\/6agaleriaart.com\/wp-content\/uploads\/2025\/10\/O5A4869-copia-1024x683.jpg 1024w, https:\/\/6agaleriaart.com\/wp-content\/uploads\/2025\/10\/O5A4869-copia-768x512.jpg 768w, https:\/\/6agaleriaart.com\/wp-content\/uploads\/2025\/10\/O5A4869-copia-1536x1024.jpg 1536w, https:\/\/6agaleriaart.com\/wp-content\/uploads\/2025\/10\/O5A4869-copia-2048x1365.jpg 2048w, https:\/\/6agaleriaart.com\/wp-content\/uploads\/2025\/10\/O5A4869-copia-700x467.jpg 700w\" sizes=\"auto, (max-width: 2560px) 100vw, 2560px\" \/><\/p>\r\n<p><img decoding=\"async\" class=\"alignnone size-full wp-image-20647\" src=\"https:\/\/6agaleriaart.com\/wp-content\/uploads\/2025\/10\/IMG_8979.heic\" alt=\"\" \/><img decoding=\"async\" class=\"alignnone size-full wp-image-20650\" src=\"https:\/\/6agaleriaart.com\/wp-content\/uploads\/2025\/10\/IMG_6901.heic\" alt=\"\" \/><img decoding=\"async\" class=\"alignnone size-full wp-image-20653\" src=\"https:\/\/6agaleriaart.com\/wp-content\/uploads\/2025\/10\/IMG_5565.heic\" alt=\"\" \/><\/p>\r\n<p>&nbsp;<\/p>","protected":false},"excerpt":{"rendered":"<p>SOMOS UNA DE LAS POCAS GALER\u00cdAS DE ARTE EN TODO EL TERRITORIO ESPA\u00d1OL CON TALLER DE ESTAMPACI\u00d3N TRADICIONAL PROPIO. LO&#8230;<\/p>\n","protected":false},"author":1,"featured_media":0,"parent":0,"menu_order":0,"comment_status":"closed","ping_status":"closed","template":"full_width.php","meta":{"footnotes":""},"class_list":["post-860","page","type-page","status-publish","hentry"],"_links":{"self":[{"href":"https:\/\/6agaleriaart.com\/es\/wp-json\/wp\/v2\/pages\/860","targetHints":{"allow":["GET"]}}],"collection":[{"href":"https:\/\/6agaleriaart.com\/es\/wp-json\/wp\/v2\/pages"}],"about":[{"href":"https:\/\/6agaleriaart.com\/es\/wp-json\/wp\/v2\/types\/page"}],"author":[{"embeddable":true,"href":"https:\/\/6agaleriaart.com\/es\/wp-json\/wp\/v2\/users\/1"}],"replies":[{"embeddable":true,"href":"https:\/\/6agaleriaart.com\/es\/wp-json\/wp\/v2\/comments?post=860"}],"version-history":[{"count":5,"href":"https:\/\/6agaleriaart.com\/es\/wp-json\/wp\/v2\/pages\/860\/revisions"}],"predecessor-version":[{"id":20690,"href":"https:\/\/6agaleriaart.com\/es\/wp-json\/wp\/v2\/pages\/860\/revisions\/20690"}],"wp:attachment":[{"href":"https:\/\/6agaleriaart.com\/es\/wp-json\/wp\/v2\/media?parent=860"}],"curies":[{"name":"wp","href":"https:\/\/api.w.org\/{rel}","templated":true}]}}