{"id":20712,"date":"2025-10-09T17:42:35","date_gmt":"2025-10-09T15:42:35","guid":{"rendered":"https:\/\/6agaleriaart.com\/?page_id=20712"},"modified":"2026-01-16T14:13:42","modified_gmt":"2026-01-16T13:13:42","slug":"taller-6a-2","status":"publish","type":"page","link":"https:\/\/6agaleriaart.com\/es\/taller-6a-2\/","title":{"rendered":"TALLER 6A"},"content":{"rendered":"<h1>SOMOS UNA DE LAS POCAS GALER\u00cdAS DE ESPA\u00d1A CON\u00a0 TALLER DE ESTAMPACI\u00d3N TRADICIONAL PROPIO. EL TALLER6A ES EL TALLER LITOGR\u00c1FICO M\u00c1S IMPORTANTE DE ESPA\u00d1A CON UNA INFRAESTRUCTURA EXCEPCIONAL, QUE CUENTA CON LA \u00daNICA PRENSA LITOGR\u00c1FICA VOIRIN DE 1890, ACTIVA EN ESPA\u00d1A, ENTRE OTRAS PRENSAS Y ENSERES DE SIGLOS PASADOS. NUESTRA LITHOTECA CUSTODIA M\u00c1S DE 700 PIEDRAS LITOGR\u00c1FICAS A DISPOSICI\u00d3N DEL ARTE CONTEMPOR\u00c1NEO. EL TALLER, SITUADO JUSTO DELANTE DE NUESTRA GALER\u00cdA, EN UN EDIFICIO HIST\u00d3RICO, EN EL CORAZ\u00d3N DE PALMA, FAVORECE PROYECTOS ESPEC\u00cdFICOS EXCEPCIONALES.<\/h1>\n<p>&nbsp;<\/p>\n<p><img loading=\"lazy\" decoding=\"async\" class=\"alignnone size-full wp-image-20638\" src=\"https:\/\/6agaleriaart.com\/wp-content\/uploads\/2025\/10\/WhatsApp-Image-2025-06-23-at-16.27.53-4-scaled-e1760024520429.jpeg\" alt=\"\" width=\"1877\" height=\"2560\" srcset=\"https:\/\/6agaleriaart.com\/wp-content\/uploads\/2025\/10\/WhatsApp-Image-2025-06-23-at-16.27.53-4-scaled-e1760024520429.jpeg 1877w, https:\/\/6agaleriaart.com\/wp-content\/uploads\/2025\/10\/WhatsApp-Image-2025-06-23-at-16.27.53-4-scaled-e1760024520429-220x300.jpeg 220w, https:\/\/6agaleriaart.com\/wp-content\/uploads\/2025\/10\/WhatsApp-Image-2025-06-23-at-16.27.53-4-scaled-e1760024520429-751x1024.jpeg 751w, https:\/\/6agaleriaart.com\/wp-content\/uploads\/2025\/10\/WhatsApp-Image-2025-06-23-at-16.27.53-4-scaled-e1760024520429-768x1047.jpeg 768w, https:\/\/6agaleriaart.com\/wp-content\/uploads\/2025\/10\/WhatsApp-Image-2025-06-23-at-16.27.53-4-scaled-e1760024520429-1126x1536.jpeg 1126w, https:\/\/6agaleriaart.com\/wp-content\/uploads\/2025\/10\/WhatsApp-Image-2025-06-23-at-16.27.53-4-scaled-e1760024520429-1502x2048.jpeg 1502w, https:\/\/6agaleriaart.com\/wp-content\/uploads\/2025\/10\/WhatsApp-Image-2025-06-23-at-16.27.53-4-scaled-e1760024520429-700x955.jpeg 700w\" sizes=\"auto, (max-width: 1877px) 100vw, 1877px\" \/><\/p>\n<p>&nbsp;<\/p>\n<p><img loading=\"lazy\" decoding=\"async\" class=\"alignnone size-full wp-image-20662\" src=\"https:\/\/6agaleriaart.com\/wp-content\/uploads\/2025\/10\/O5A4869-copia-scaled.jpg\" alt=\"\" width=\"2560\" height=\"1707\" srcset=\"https:\/\/6agaleriaart.com\/wp-content\/uploads\/2025\/10\/O5A4869-copia-scaled.jpg 2560w, https:\/\/6agaleriaart.com\/wp-content\/uploads\/2025\/10\/O5A4869-copia-300x200.jpg 300w, https:\/\/6agaleriaart.com\/wp-content\/uploads\/2025\/10\/O5A4869-copia-1024x683.jpg 1024w, https:\/\/6agaleriaart.com\/wp-content\/uploads\/2025\/10\/O5A4869-copia-768x512.jpg 768w, https:\/\/6agaleriaart.com\/wp-content\/uploads\/2025\/10\/O5A4869-copia-1536x1024.jpg 1536w, https:\/\/6agaleriaart.com\/wp-content\/uploads\/2025\/10\/O5A4869-copia-2048x1365.jpg 2048w, https:\/\/6agaleriaart.com\/wp-content\/uploads\/2025\/10\/O5A4869-copia-700x467.jpg 700w\" sizes=\"auto, (max-width: 2560px) 100vw, 2560px\" \/><\/p>\n<p>&nbsp;<\/p>\n<p>&nbsp;<\/p>\n","protected":false},"excerpt":{"rendered":"<p>SOMOS UNA DE LAS POCAS GALER\u00cdAS DE ESPA\u00d1A CON\u00a0 TALLER DE ESTAMPACI\u00d3N TRADICIONAL PROPIO. EL TALLER6A ES EL TALLER LITOGR\u00c1FICO&#8230;<\/p>\n","protected":false},"author":2,"featured_media":0,"parent":0,"menu_order":0,"comment_status":"closed","ping_status":"closed","template":"","meta":{"footnotes":""},"class_list":["post-20712","page","type-page","status-publish","hentry"],"_links":{"self":[{"href":"https:\/\/6agaleriaart.com\/es\/wp-json\/wp\/v2\/pages\/20712","targetHints":{"allow":["GET"]}}],"collection":[{"href":"https:\/\/6agaleriaart.com\/es\/wp-json\/wp\/v2\/pages"}],"about":[{"href":"https:\/\/6agaleriaart.com\/es\/wp-json\/wp\/v2\/types\/page"}],"author":[{"embeddable":true,"href":"https:\/\/6agaleriaart.com\/es\/wp-json\/wp\/v2\/users\/2"}],"replies":[{"embeddable":true,"href":"https:\/\/6agaleriaart.com\/es\/wp-json\/wp\/v2\/comments?post=20712"}],"version-history":[{"count":3,"href":"https:\/\/6agaleriaart.com\/es\/wp-json\/wp\/v2\/pages\/20712\/revisions"}],"predecessor-version":[{"id":20798,"href":"https:\/\/6agaleriaart.com\/es\/wp-json\/wp\/v2\/pages\/20712\/revisions\/20798"}],"wp:attachment":[{"href":"https:\/\/6agaleriaart.com\/es\/wp-json\/wp\/v2\/media?parent=20712"}],"curies":[{"name":"wp","href":"https:\/\/api.w.org\/{rel}","templated":true}]}}