{"id":20541,"date":"2025-08-29T15:34:25","date_gmt":"2025-08-29T13:34:25","guid":{"rendered":"https:\/\/6agaleriaart.com\/?page_id=20541"},"modified":"2025-10-09T13:56:32","modified_gmt":"2025-10-09T11:56:32","slug":"6a-the-apartment","status":"publish","type":"page","link":"https:\/\/6agaleriaart.com\/es\/6a-the-apartment\/","title":{"rendered":"6A THE APARTMENT"},"content":{"rendered":"<h1 style=\"text-align: left;\">\u00ab6A THE APARTMENT\u00bb HA SIDO DISE\u00d1ADO PARA FACILITAR AL ARTISTA, COLABORADOR HABITUAL DE NUESTRA GALER\u00cdA, SIN RESIDENCIA EN MALLORCA, EL PODER DESARROLLAR SU TRABAJO GR\u00c1FICO, EN NUESTRO TALLER DE ESTAMPACI\u00d3N TRADICIONAL. LA UBICACI\u00d3N EXCEPCIONAL, EN PLENO CENTRO HIST\u00d3RICO DE PALMA, DE GALER\u00cdA, TALLER Y APARTAMENTO, FAVORECE EL TRABAJO DEL CREADOR INVITADO POR LA GALER\u00cdA. \u00ab6A THE APARTMENT\u00bb ES UN PROYECTO CREADO EXPRESAMENTE POR LA DISE\u00d1ADORA MARINA ALC\u00c1NTARA, POR CORTES\u00cdA DE AQUAQUAE (TODO UN REFERENTE EN EL CAMPO DEL DISE\u00d1O DE INTERIORES), QUIEN HA SABIDO INTERPRETAR LAS NECESIDADES DEL CREADOR Y LAS NECESIDADES DEL PROYECTO 6A, A LA PERFECCI\u00d3N. HA CREADO UN ESPACIO \u00cdNTIMO, EN EL QUE PIEZAS DE DISE\u00d1O, ALGUNAS DE ELLAS IC\u00d3NICAS, CONSIGUEN UN ENTORNO \u00daNICO QUE COMPLETA SIN DUDA NUESTRO PROYECTO. \u00ab6A THE APARTMENT\u00bb IGUALMENTE EST\u00c1 DESTINADO A ACOGER INVITADOS DE LA GALER\u00cdA, PARA FAVORECER COLABORACIONES QUE PUEDAN ENRIQUECER TODAV\u00cdA M\u00c1S EL PROYECTO 6A.<\/h1>\n<p>&nbsp;<\/p>\n<p style=\"text-align: center;\"><img loading=\"lazy\" decoding=\"async\" class=\"alignnone size-full wp-image-20619\" src=\"https:\/\/6agaleriaart.com\/wp-content\/uploads\/2025\/10\/6-scaled.png\" alt=\"\" width=\"2560\" height=\"1439\" srcset=\"https:\/\/6agaleriaart.com\/wp-content\/uploads\/2025\/10\/6-scaled.png 2560w, https:\/\/6agaleriaart.com\/wp-content\/uploads\/2025\/10\/6-300x169.png 300w, https:\/\/6agaleriaart.com\/wp-content\/uploads\/2025\/10\/6-1024x576.png 1024w, https:\/\/6agaleriaart.com\/wp-content\/uploads\/2025\/10\/6-768x432.png 768w, https:\/\/6agaleriaart.com\/wp-content\/uploads\/2025\/10\/6-1536x864.png 1536w, https:\/\/6agaleriaart.com\/wp-content\/uploads\/2025\/10\/6-2048x1151.png 2048w, https:\/\/6agaleriaart.com\/wp-content\/uploads\/2025\/10\/6-700x394.png 700w, https:\/\/6agaleriaart.com\/wp-content\/uploads\/2025\/10\/6-539x303.png 539w\" sizes=\"auto, (max-width: 2560px) 100vw, 2560px\" \/><\/p>\n<p>&nbsp;<\/p>\n<p><img loading=\"lazy\" decoding=\"async\" class=\"alignnone size-full wp-image-20616\" src=\"https:\/\/6agaleriaart.com\/wp-content\/uploads\/2025\/10\/5-scaled.png\" alt=\"\" width=\"2560\" height=\"1439\" srcset=\"https:\/\/6agaleriaart.com\/wp-content\/uploads\/2025\/10\/5-scaled.png 2560w, https:\/\/6agaleriaart.com\/wp-content\/uploads\/2025\/10\/5-300x169.png 300w, https:\/\/6agaleriaart.com\/wp-content\/uploads\/2025\/10\/5-1024x576.png 1024w, https:\/\/6agaleriaart.com\/wp-content\/uploads\/2025\/10\/5-768x432.png 768w, https:\/\/6agaleriaart.com\/wp-content\/uploads\/2025\/10\/5-1536x864.png 1536w, https:\/\/6agaleriaart.com\/wp-content\/uploads\/2025\/10\/5-2048x1151.png 2048w, https:\/\/6agaleriaart.com\/wp-content\/uploads\/2025\/10\/5-700x394.png 700w, https:\/\/6agaleriaart.com\/wp-content\/uploads\/2025\/10\/5-539x303.png 539w\" sizes=\"auto, (max-width: 2560px) 100vw, 2560px\" \/><\/p>\n<p>&nbsp;<\/p>\n<p><img loading=\"lazy\" decoding=\"async\" class=\"alignnone size-full wp-image-20622\" src=\"https:\/\/6agaleriaart.com\/wp-content\/uploads\/2025\/10\/7-scaled.png\" alt=\"\" width=\"2560\" height=\"1439\" srcset=\"https:\/\/6agaleriaart.com\/wp-content\/uploads\/2025\/10\/7-scaled.png 2560w, https:\/\/6agaleriaart.com\/wp-content\/uploads\/2025\/10\/7-300x169.png 300w, https:\/\/6agaleriaart.com\/wp-content\/uploads\/2025\/10\/7-1024x576.png 1024w, https:\/\/6agaleriaart.com\/wp-content\/uploads\/2025\/10\/7-768x432.png 768w, https:\/\/6agaleriaart.com\/wp-content\/uploads\/2025\/10\/7-1536x864.png 1536w, https:\/\/6agaleriaart.com\/wp-content\/uploads\/2025\/10\/7-2048x1151.png 2048w, https:\/\/6agaleriaart.com\/wp-content\/uploads\/2025\/10\/7-700x394.png 700w, https:\/\/6agaleriaart.com\/wp-content\/uploads\/2025\/10\/7-539x303.png 539w\" sizes=\"auto, (max-width: 2560px) 100vw, 2560px\" \/><\/p>\n<p>&nbsp;<\/p>\n<p>&nbsp;<\/p>\n","protected":false},"excerpt":{"rendered":"<p>\u00ab6A THE APARTMENT\u00bb HA SIDO DISE\u00d1ADO PARA FACILITAR AL ARTISTA, COLABORADOR HABITUAL DE NUESTRA GALER\u00cdA, SIN RESIDENCIA EN MALLORCA, EL&#8230;<\/p>\n","protected":false},"author":2,"featured_media":0,"parent":0,"menu_order":0,"comment_status":"closed","ping_status":"closed","template":"","meta":{"footnotes":""},"class_list":["post-20541","page","type-page","status-publish","hentry"],"_links":{"self":[{"href":"https:\/\/6agaleriaart.com\/es\/wp-json\/wp\/v2\/pages\/20541","targetHints":{"allow":["GET"]}}],"collection":[{"href":"https:\/\/6agaleriaart.com\/es\/wp-json\/wp\/v2\/pages"}],"about":[{"href":"https:\/\/6agaleriaart.com\/es\/wp-json\/wp\/v2\/types\/page"}],"author":[{"embeddable":true,"href":"https:\/\/6agaleriaart.com\/es\/wp-json\/wp\/v2\/users\/2"}],"replies":[{"embeddable":true,"href":"https:\/\/6agaleriaart.com\/es\/wp-json\/wp\/v2\/comments?post=20541"}],"version-history":[{"count":5,"href":"https:\/\/6agaleriaart.com\/es\/wp-json\/wp\/v2\/pages\/20541\/revisions"}],"predecessor-version":[{"id":20698,"href":"https:\/\/6agaleriaart.com\/es\/wp-json\/wp\/v2\/pages\/20541\/revisions\/20698"}],"wp:attachment":[{"href":"https:\/\/6agaleriaart.com\/es\/wp-json\/wp\/v2\/media?parent=20541"}],"curies":[{"name":"wp","href":"https:\/\/api.w.org\/{rel}","templated":true}]}}